{"id":414,"date":"2024-05-06T14:25:10","date_gmt":"2024-05-06T12:25:10","guid":{"rendered":"https:\/\/pointdevue.pro\/?page_id=414"},"modified":"2024-05-06T14:26:40","modified_gmt":"2024-05-06T12:26:40","slug":"comment","status":"publish","type":"page","link":"https:\/\/pointdevue.pro\/index.php\/comment\/","title":{"rendered":"Comment ?"},"content":{"rendered":"\n<div class=\"wp-block-group is-vertical is-layout-flex wp-container-core-group-is-layout-8cf370e7 wp-block-group-is-layout-flex\">\n<p>Sensibiliser les chefs d\u2019entreprises et leur chaine manag\u00e9riale \u00e0 l\u2019emploi de personnes en situation de handicap.<br>Sensibiliser les salari\u00e9s \u00e0 l\u2019int\u00e9r\u00eat d\u2019\u00eatre RQTH (Reconnaissance en Qualit\u00e9 de Travailleur Handicap\u00e9)<br>Animer des ateliers de d\u00e9couverte de la d\u00e9ficience visuelle pour les r\u00e9f\u00e9rents handicap de vos entreprises.<br>Former des \u00ab&nbsp;job coach&nbsp;\u00bb pour convaincre &nbsp;les entreprises &nbsp;\u00e0 recruter des personnes en situation de handicap<\/p>\n<\/div>\n","protected":false},"excerpt":{"rendered":"<p>Sensibiliser les chefs d\u2019entreprises et leur chaine manag\u00e9riale \u00e0 l\u2019emploi de personnes en situation de handicap.Sensibiliser les salari\u00e9s \u00e0 l\u2019int\u00e9r\u00eat d\u2019\u00eatre RQTH (Reconnaissance en Qualit\u00e9 de Travailleur Handicap\u00e9)Animer des ateliers de d\u00e9couverte de la d\u00e9ficience visuelle pour les r\u00e9f\u00e9rents handicap de vos entreprises.Former des \u00ab&nbsp;job coach&nbsp;\u00bb pour convaincre &nbsp;les entreprises [&hellip;]<\/p>\n","protected":false},"author":1,"featured_media":0,"parent":0,"menu_order":0,"comment_status":"closed","ping_status":"closed","template":"","meta":{"footnotes":""},"class_list":["post-414","page","type-page","status-publish","hentry"],"yoast_head":"<!-- This site is optimized with the Yoast SEO plugin v27.1.1 - https:\/\/yoast.com\/product\/yoast-seo-wordpress\/ -->\n<title>Comment ? - Point de vue<\/title>\n<meta name=\"robots\" content=\"index, follow, max-snippet:-1, max-image-preview:large, max-video-preview:-1\" \/>\n<link rel=\"canonical\" href=\"https:\/\/pointdevue.pro\/index.php\/comment\/\" \/>\n<meta property=\"og:locale\" content=\"fr_FR\" \/>\n<meta property=\"og:type\" content=\"article\" \/>\n<meta property=\"og:title\" content=\"Comment ? - Point de vue\" \/>\n<meta property=\"og:description\" content=\"Sensibiliser les chefs d\u2019entreprises et leur chaine manag\u00e9riale \u00e0 l\u2019emploi de personnes en situation de handicap.Sensibiliser les salari\u00e9s \u00e0 l\u2019int\u00e9r\u00eat d\u2019\u00eatre RQTH (Reconnaissance en Qualit\u00e9 de Travailleur Handicap\u00e9)Animer des ateliers de d\u00e9couverte de la d\u00e9ficience visuelle pour les r\u00e9f\u00e9rents handicap de vos entreprises.Former des \u00ab&nbsp;job coach&nbsp;\u00bb pour convaincre &nbsp;les entreprises [&hellip;]\" \/>\n<meta property=\"og:url\" content=\"https:\/\/pointdevue.pro\/index.php\/comment\/\" \/>\n<meta property=\"og:site_name\" content=\"Point de vue\" \/>\n<meta property=\"article:modified_time\" content=\"2024-05-06T12:26:40+00:00\" \/>\n<meta property=\"og:image\" content=\"https:\/\/pointdevue.pro\/wp-content\/uploads\/2024\/11\/LOGO-LINKEDIN-1.png\" \/>\n\t<meta property=\"og:image:width\" content=\"563\" \/>\n\t<meta property=\"og:image:height\" content=\"270\" \/>\n\t<meta property=\"og:image:type\" content=\"image\/png\" \/>\n<meta name=\"twitter:card\" content=\"summary_large_image\" \/>\n<meta name=\"twitter:label1\" content=\"Dur\u00e9e de lecture estim\u00e9e\" \/>\n\t<meta name=\"twitter:data1\" content=\"1 minute\" \/>\n<script type=\"application\/ld+json\" class=\"yoast-schema-graph\">{\"@context\":\"https:\/\/schema.org\",\"@graph\":[{\"@type\":\"WebPage\",\"@id\":\"https:\/\/pointdevue.pro\/index.php\/comment\/\",\"url\":\"https:\/\/pointdevue.pro\/index.php\/comment\/\",\"name\":\"Comment ? - Point de vue\",\"isPartOf\":{\"@id\":\"https:\/\/pointdevue.pro\/#website\"},\"datePublished\":\"2024-05-06T12:25:10+00:00\",\"dateModified\":\"2024-05-06T12:26:40+00:00\",\"breadcrumb\":{\"@id\":\"https:\/\/pointdevue.pro\/index.php\/comment\/#breadcrumb\"},\"inLanguage\":\"fr-FR\",\"potentialAction\":[{\"@type\":\"ReadAction\",\"target\":[\"https:\/\/pointdevue.pro\/index.php\/comment\/\"]}]},{\"@type\":\"BreadcrumbList\",\"@id\":\"https:\/\/pointdevue.pro\/index.php\/comment\/#breadcrumb\",\"itemListElement\":[{\"@type\":\"ListItem\",\"position\":1,\"name\":\"Accueil\",\"item\":\"https:\/\/pointdevue.pro\/\"},{\"@type\":\"ListItem\",\"position\":2,\"name\":\"Comment ?\"}]},{\"@type\":\"WebSite\",\"@id\":\"https:\/\/pointdevue.pro\/#website\",\"url\":\"https:\/\/pointdevue.pro\/\",\"name\":\"Point de vue\",\"description\":\"Une nouvelle vision pour l&#039;inclusion\",\"publisher\":{\"@id\":\"https:\/\/pointdevue.pro\/#organization\"},\"potentialAction\":[{\"@type\":\"SearchAction\",\"target\":{\"@type\":\"EntryPoint\",\"urlTemplate\":\"https:\/\/pointdevue.pro\/?s={search_term_string}\"},\"query-input\":{\"@type\":\"PropertyValueSpecification\",\"valueRequired\":true,\"valueName\":\"search_term_string\"}}],\"inLanguage\":\"fr-FR\"},{\"@type\":\"Organization\",\"@id\":\"https:\/\/pointdevue.pro\/#organization\",\"name\":\"Point de vue\",\"alternateName\":\"Eric Payan\",\"url\":\"https:\/\/pointdevue.pro\/\",\"logo\":{\"@type\":\"ImageObject\",\"inLanguage\":\"fr-FR\",\"@id\":\"https:\/\/pointdevue.pro\/#\/schema\/logo\/image\/\",\"url\":\"https:\/\/pointdevue.pro\/wp-content\/uploads\/2022\/01\/EPN.JPG.jpg\",\"contentUrl\":\"https:\/\/pointdevue.pro\/wp-content\/uploads\/2022\/01\/EPN.JPG.jpg\",\"width\":1280,\"height\":853,\"caption\":\"Point de vue\"},\"image\":{\"@id\":\"https:\/\/pointdevue.pro\/#\/schema\/logo\/image\/\"},\"sameAs\":[\"https:\/\/www.linkedin.com\/in\/eric-payan-9365041\/\"]}]}<\/script>\n<!-- \/ Yoast SEO plugin. -->","yoast_head_json":{"title":"Comment ? - Point de vue","robots":{"index":"index","follow":"follow","max-snippet":"max-snippet:-1","max-image-preview":"max-image-preview:large","max-video-preview":"max-video-preview:-1"},"canonical":"https:\/\/pointdevue.pro\/index.php\/comment\/","og_locale":"fr_FR","og_type":"article","og_title":"Comment ? - Point de vue","og_description":"Sensibiliser les chefs d\u2019entreprises et leur chaine manag\u00e9riale \u00e0 l\u2019emploi de personnes en situation de handicap.Sensibiliser les salari\u00e9s \u00e0 l\u2019int\u00e9r\u00eat d\u2019\u00eatre RQTH (Reconnaissance en Qualit\u00e9 de Travailleur Handicap\u00e9)Animer des ateliers de d\u00e9couverte de la d\u00e9ficience visuelle pour les r\u00e9f\u00e9rents handicap de vos entreprises.Former des \u00ab&nbsp;job coach&nbsp;\u00bb pour convaincre &nbsp;les entreprises [&hellip;]","og_url":"https:\/\/pointdevue.pro\/index.php\/comment\/","og_site_name":"Point de vue","article_modified_time":"2024-05-06T12:26:40+00:00","og_image":[{"width":563,"height":270,"url":"https:\/\/pointdevue.pro\/wp-content\/uploads\/2024\/11\/LOGO-LINKEDIN-1.png","type":"image\/png"}],"twitter_card":"summary_large_image","twitter_misc":{"Dur\u00e9e de lecture estim\u00e9e":"1 minute"},"schema":{"@context":"https:\/\/schema.org","@graph":[{"@type":"WebPage","@id":"https:\/\/pointdevue.pro\/index.php\/comment\/","url":"https:\/\/pointdevue.pro\/index.php\/comment\/","name":"Comment ? - Point de vue","isPartOf":{"@id":"https:\/\/pointdevue.pro\/#website"},"datePublished":"2024-05-06T12:25:10+00:00","dateModified":"2024-05-06T12:26:40+00:00","breadcrumb":{"@id":"https:\/\/pointdevue.pro\/index.php\/comment\/#breadcrumb"},"inLanguage":"fr-FR","potentialAction":[{"@type":"ReadAction","target":["https:\/\/pointdevue.pro\/index.php\/comment\/"]}]},{"@type":"BreadcrumbList","@id":"https:\/\/pointdevue.pro\/index.php\/comment\/#breadcrumb","itemListElement":[{"@type":"ListItem","position":1,"name":"Accueil","item":"https:\/\/pointdevue.pro\/"},{"@type":"ListItem","position":2,"name":"Comment ?"}]},{"@type":"WebSite","@id":"https:\/\/pointdevue.pro\/#website","url":"https:\/\/pointdevue.pro\/","name":"Point de vue","description":"Une nouvelle vision pour l&#039;inclusion","publisher":{"@id":"https:\/\/pointdevue.pro\/#organization"},"potentialAction":[{"@type":"SearchAction","target":{"@type":"EntryPoint","urlTemplate":"https:\/\/pointdevue.pro\/?s={search_term_string}"},"query-input":{"@type":"PropertyValueSpecification","valueRequired":true,"valueName":"search_term_string"}}],"inLanguage":"fr-FR"},{"@type":"Organization","@id":"https:\/\/pointdevue.pro\/#organization","name":"Point de vue","alternateName":"Eric Payan","url":"https:\/\/pointdevue.pro\/","logo":{"@type":"ImageObject","inLanguage":"fr-FR","@id":"https:\/\/pointdevue.pro\/#\/schema\/logo\/image\/","url":"https:\/\/pointdevue.pro\/wp-content\/uploads\/2022\/01\/EPN.JPG.jpg","contentUrl":"https:\/\/pointdevue.pro\/wp-content\/uploads\/2022\/01\/EPN.JPG.jpg","width":1280,"height":853,"caption":"Point de vue"},"image":{"@id":"https:\/\/pointdevue.pro\/#\/schema\/logo\/image\/"},"sameAs":["https:\/\/www.linkedin.com\/in\/eric-payan-9365041\/"]}]}},"jetpack_sharing_enabled":true,"_links":{"self":[{"href":"https:\/\/pointdevue.pro\/index.php\/wp-json\/wp\/v2\/pages\/414","targetHints":{"allow":["GET"]}}],"collection":[{"href":"https:\/\/pointdevue.pro\/index.php\/wp-json\/wp\/v2\/pages"}],"about":[{"href":"https:\/\/pointdevue.pro\/index.php\/wp-json\/wp\/v2\/types\/page"}],"author":[{"embeddable":true,"href":"https:\/\/pointdevue.pro\/index.php\/wp-json\/wp\/v2\/users\/1"}],"replies":[{"embeddable":true,"href":"https:\/\/pointdevue.pro\/index.php\/wp-json\/wp\/v2\/comments?post=414"}],"version-history":[{"count":2,"href":"https:\/\/pointdevue.pro\/index.php\/wp-json\/wp\/v2\/pages\/414\/revisions"}],"predecessor-version":[{"id":419,"href":"https:\/\/pointdevue.pro\/index.php\/wp-json\/wp\/v2\/pages\/414\/revisions\/419"}],"wp:attachment":[{"href":"https:\/\/pointdevue.pro\/index.php\/wp-json\/wp\/v2\/media?parent=414"}],"curies":[{"name":"wp","href":"https:\/\/api.w.org\/{rel}","templated":true}]}}