{"id":116,"date":"2022-01-08T13:26:15","date_gmt":"2022-01-08T12:26:15","guid":{"rendered":"http:\/\/pointdevue.pro\/?page_id=116"},"modified":"2025-01-11T10:02:20","modified_gmt":"2025-01-11T09:02:20","slug":"a-propos","status":"publish","type":"page","link":"https:\/\/pointdevue.pro\/index.php\/a-propos\/","title":{"rendered":"A propos"},"content":{"rendered":"\n<p><\/p>\n\n\n\n<p>\u00c2g\u00e9 d\u2019une vingtaine d\u2019ann\u00e9es seulement, \u00c9ric Payan apprend qu\u2019il est atteint d\u2019une maladie d\u00e9g\u00e9n\u00e9rative de la r\u00e9tine : la maladie de Stargardt.<\/p>\n\n\n\n<p>Commence alors un long combat au cours duquel se succ\u00e9deront victoires et d\u00e9faites, triomphes et d\u00e9sillusions \u2013 un combat o\u00f9 chaque obstacle requiert une force de caract\u00e8re pour \u00eatre d\u00e9pass\u00e9. Du d\u00e9ni \u00e0 l\u2019acceptation du handicap, le chemin \u00e0 parcourir exige une d\u00e9termination sans faille.<\/p>\n\n\n\n<p><strong>Un parcours professionnel tr\u00e8s honorable.<\/strong><\/p>\n\n\n\n<p>Plus de 30 ann\u00e9es pass\u00e9s dans l&rsquo;industrie manufacturi\u00e8re, Eric Payan a rapidement occup\u00e9 des postes de management interm\u00e9diaire dans des directions de syst\u00e8mes d&rsquo;informations pour terminer sa carri\u00e8re r\u00e9cemment comme Chief Digital Officer et membre du COMEX.<br>Oui  parcours honorable pour un malvoyant ! <\/p>\n\n\n\n<p>Aujourd&rsquo;hui<br>Fort de ces exp\u00e9riences professionnelles de manager et de personne vivant avec un handicap, Eric Payan souhaite faire b\u00e9n\u00e9ficier toutes les entreprises de son savoir-faire et de son savoir-\u00eatre pour les sensibiliser et les conseiller \u00e0 l&#8217;emploi des personne en situation de handicap.<\/p>\n\n\n\n<div class=\"wp-block-columns is-layout-flex wp-container-core-columns-is-layout-9d6595d7 wp-block-columns-is-layout-flex\">\n<div class=\"wp-block-column is-layout-flow wp-block-column-is-layout-flow\">\n<figure class=\"wp-block-image size-full is-resized\"><img loading=\"lazy\" decoding=\"async\" src=\"https:\/\/pointdevue.pro\/wp-content\/uploads\/2021\/12\/1584515976578.jpeg\" alt=\"\" class=\"wp-image-10\" width=\"327\" height=\"327\" srcset=\"https:\/\/pointdevue.pro\/wp-content\/uploads\/2021\/12\/1584515976578.jpeg 800w, https:\/\/pointdevue.pro\/wp-content\/uploads\/2021\/12\/1584515976578-300x300.jpeg 300w, https:\/\/pointdevue.pro\/wp-content\/uploads\/2021\/12\/1584515976578-100x100.jpeg 100w, https:\/\/pointdevue.pro\/wp-content\/uploads\/2021\/12\/1584515976578-600x600.jpeg 600w, https:\/\/pointdevue.pro\/wp-content\/uploads\/2021\/12\/1584515976578-150x150.jpeg 150w, https:\/\/pointdevue.pro\/wp-content\/uploads\/2021\/12\/1584515976578-768x768.jpeg 768w\" sizes=\"auto, (max-width: 327px) 100vw, 327px\" \/><\/figure>\n<\/div>\n\n\n\n<div class=\"wp-block-column is-layout-flow wp-block-column-is-layout-flow\">\n<figure class=\"wp-block-image size-large\"><img loading=\"lazy\" decoding=\"async\" width=\"1024\" height=\"745\" src=\"https:\/\/pointdevue.pro\/wp-content\/uploads\/2022\/04\/PNL-certificat-1024x745.jpeg\" alt=\"\" class=\"wp-image-240\" srcset=\"https:\/\/pointdevue.pro\/wp-content\/uploads\/2022\/04\/PNL-certificat-1024x745.jpeg 1024w, https:\/\/pointdevue.pro\/wp-content\/uploads\/2022\/04\/PNL-certificat-300x218.jpeg 300w, https:\/\/pointdevue.pro\/wp-content\/uploads\/2022\/04\/PNL-certificat-768x559.jpeg 768w, https:\/\/pointdevue.pro\/wp-content\/uploads\/2022\/04\/PNL-certificat-1536x1118.jpeg 1536w\" sizes=\"auto, (max-width: 1024px) 100vw, 1024px\" \/><\/figure>\n<\/div>\n<\/div>\n\n\n\n<figure class=\"wp-block-gallery has-nested-images columns-default is-cropped wp-block-gallery-1 is-layout-flex wp-block-gallery-is-layout-flex\">\n<figure class=\"wp-block-image size-large\"><img loading=\"lazy\" decoding=\"async\" width=\"412\" height=\"280\" data-id=\"238\" src=\"https:\/\/pointdevue.pro\/wp-content\/uploads\/2022\/04\/EPN-TEDX-1.png\" alt=\"\" class=\"wp-image-238\" srcset=\"https:\/\/pointdevue.pro\/wp-content\/uploads\/2022\/04\/EPN-TEDX-1.png 412w, https:\/\/pointdevue.pro\/wp-content\/uploads\/2022\/04\/EPN-TEDX-1-300x204.png 300w\" sizes=\"auto, (max-width: 412px) 100vw, 412px\" \/><\/figure>\n\n\n\n<figure class=\"wp-block-image size-large is-resized\"><img loading=\"lazy\" decoding=\"async\" data-id=\"64\" src=\"https:\/\/pointdevue.pro\/wp-content\/uploads\/2022\/01\/EPN.JPG-1024x682.jpg\" alt=\"\" class=\"wp-image-64\" width=\"393\" height=\"259\"\/><\/figure>\n<\/figure>\n\n\n\n<div data-wp-interactive=\"core\/file\" class=\"wp-block-file\"><object data-wp-bind--hidden=\"!state.hasPdfPreview\" hidden class=\"wp-block-file__embed\" data=\"https:\/\/pointdevue.pro\/wp-content\/uploads\/2022\/05\/Parchemin-E\u0301ric-Payan.pdf\" type=\"application\/pdf\" style=\"width:100%;height:600px\" aria-label=\"Contenu embarqu\u00e9 Contenu embarqu\u00e9 Parchemin E\u0301ric Payan..\"><\/object><a id=\"wp-block-file--media-bc28c43e-1e7f-46fa-bd76-8d54bbdbfd26\" href=\"https:\/\/pointdevue.pro\/wp-content\/uploads\/2022\/05\/Parchemin-E\u0301ric-Payan.pdf\">Parchemin E\u0301ric Payan<\/a><a href=\"https:\/\/pointdevue.pro\/wp-content\/uploads\/2022\/05\/Parchemin-E\u0301ric-Payan.pdf\" class=\"wp-block-file__button\" download aria-describedby=\"wp-block-file--media-bc28c43e-1e7f-46fa-bd76-8d54bbdbfd26\">T\u00e9l\u00e9charger<\/a><\/div>\n","protected":false},"excerpt":{"rendered":"<p>\u00c2g\u00e9 d\u2019une vingtaine d\u2019ann\u00e9es seulement, \u00c9ric Payan apprend qu\u2019il est atteint d\u2019une maladie d\u00e9g\u00e9n\u00e9rative de la r\u00e9tine : la maladie de Stargardt. Commence alors un long combat au cours duquel se succ\u00e9deront victoires et d\u00e9faites, triomphes et d\u00e9sillusions \u2013 un combat o\u00f9 chaque obstacle requiert une force de caract\u00e8re pour [&hellip;]<\/p>\n","protected":false},"author":2,"featured_media":0,"parent":0,"menu_order":0,"comment_status":"closed","ping_status":"closed","template":"","meta":{"footnotes":""},"class_list":["post-116","page","type-page","status-publish","hentry"],"yoast_head":"<!-- This site is optimized with the Yoast SEO plugin v27.4 - https:\/\/yoast.com\/product\/yoast-seo-wordpress\/ -->\n<title>A propos - Point de vue<\/title>\n<meta name=\"description\" content=\"impactant - inspirant - boost - leadership - motivant - unique - exp\u00e9riment\u00e9 - professionnel - conf\u00e9rence - animation atelier - formation\" \/>\n<meta name=\"robots\" content=\"index, follow, max-snippet:-1, max-image-preview:large, max-video-preview:-1\" \/>\n<link rel=\"canonical\" href=\"https:\/\/pointdevue.pro\/index.php\/a-propos\/\" \/>\n<meta property=\"og:locale\" content=\"fr_FR\" \/>\n<meta property=\"og:type\" content=\"article\" \/>\n<meta property=\"og:title\" content=\"A propos - Point de vue\" \/>\n<meta property=\"og:description\" content=\"impactant - inspirant - boost - leadership - motivant - unique - exp\u00e9riment\u00e9 - professionnel - conf\u00e9rence - animation atelier - formation\" \/>\n<meta property=\"og:url\" content=\"https:\/\/pointdevue.pro\/index.php\/a-propos\/\" \/>\n<meta property=\"og:site_name\" content=\"Point de vue\" \/>\n<meta property=\"article:modified_time\" content=\"2025-01-11T09:02:20+00:00\" \/>\n<meta property=\"og:image\" content=\"http:\/\/pointdevue.pro\/wp-content\/uploads\/2021\/12\/1584515976578.jpeg\" \/>\n<meta name=\"twitter:card\" content=\"summary_large_image\" \/>\n<meta name=\"twitter:label1\" content=\"Dur\u00e9e de lecture estim\u00e9e\" \/>\n\t<meta name=\"twitter:data1\" content=\"2 minutes\" \/>\n<script type=\"application\/ld+json\" class=\"yoast-schema-graph\">{\"@context\":\"https:\\\/\\\/schema.org\",\"@graph\":[{\"@type\":\"WebPage\",\"@id\":\"https:\\\/\\\/pointdevue.pro\\\/index.php\\\/a-propos\\\/\",\"url\":\"https:\\\/\\\/pointdevue.pro\\\/index.php\\\/a-propos\\\/\",\"name\":\"A propos - Point de vue\",\"isPartOf\":{\"@id\":\"https:\\\/\\\/pointdevue.pro\\\/#website\"},\"primaryImageOfPage\":{\"@id\":\"https:\\\/\\\/pointdevue.pro\\\/index.php\\\/a-propos\\\/#primaryimage\"},\"image\":{\"@id\":\"https:\\\/\\\/pointdevue.pro\\\/index.php\\\/a-propos\\\/#primaryimage\"},\"thumbnailUrl\":\"http:\\\/\\\/pointdevue.pro\\\/wp-content\\\/uploads\\\/2021\\\/12\\\/1584515976578.jpeg\",\"datePublished\":\"2022-01-08T12:26:15+00:00\",\"dateModified\":\"2025-01-11T09:02:20+00:00\",\"description\":\"impactant - inspirant - boost - leadership - motivant - unique - exp\u00e9riment\u00e9 - professionnel - conf\u00e9rence - animation atelier - formation\",\"breadcrumb\":{\"@id\":\"https:\\\/\\\/pointdevue.pro\\\/index.php\\\/a-propos\\\/#breadcrumb\"},\"inLanguage\":\"fr-FR\",\"potentialAction\":[{\"@type\":\"ReadAction\",\"target\":[\"https:\\\/\\\/pointdevue.pro\\\/index.php\\\/a-propos\\\/\"]}]},{\"@type\":\"ImageObject\",\"inLanguage\":\"fr-FR\",\"@id\":\"https:\\\/\\\/pointdevue.pro\\\/index.php\\\/a-propos\\\/#primaryimage\",\"url\":\"http:\\\/\\\/pointdevue.pro\\\/wp-content\\\/uploads\\\/2021\\\/12\\\/1584515976578.jpeg\",\"contentUrl\":\"http:\\\/\\\/pointdevue.pro\\\/wp-content\\\/uploads\\\/2021\\\/12\\\/1584515976578.jpeg\"},{\"@type\":\"BreadcrumbList\",\"@id\":\"https:\\\/\\\/pointdevue.pro\\\/index.php\\\/a-propos\\\/#breadcrumb\",\"itemListElement\":[{\"@type\":\"ListItem\",\"position\":1,\"name\":\"Accueil\",\"item\":\"https:\\\/\\\/pointdevue.pro\\\/\"},{\"@type\":\"ListItem\",\"position\":2,\"name\":\"A propos\"}]},{\"@type\":\"WebSite\",\"@id\":\"https:\\\/\\\/pointdevue.pro\\\/#website\",\"url\":\"https:\\\/\\\/pointdevue.pro\\\/\",\"name\":\"Point de vue\",\"description\":\"Une nouvelle vision pour l&#039;inclusion\",\"publisher\":{\"@id\":\"https:\\\/\\\/pointdevue.pro\\\/#organization\"},\"potentialAction\":[{\"@type\":\"SearchAction\",\"target\":{\"@type\":\"EntryPoint\",\"urlTemplate\":\"https:\\\/\\\/pointdevue.pro\\\/?s={search_term_string}\"},\"query-input\":{\"@type\":\"PropertyValueSpecification\",\"valueRequired\":true,\"valueName\":\"search_term_string\"}}],\"inLanguage\":\"fr-FR\"},{\"@type\":\"Organization\",\"@id\":\"https:\\\/\\\/pointdevue.pro\\\/#organization\",\"name\":\"Point de vue\",\"alternateName\":\"Eric Payan\",\"url\":\"https:\\\/\\\/pointdevue.pro\\\/\",\"logo\":{\"@type\":\"ImageObject\",\"inLanguage\":\"fr-FR\",\"@id\":\"https:\\\/\\\/pointdevue.pro\\\/#\\\/schema\\\/logo\\\/image\\\/\",\"url\":\"https:\\\/\\\/pointdevue.pro\\\/wp-content\\\/uploads\\\/2022\\\/01\\\/EPN.JPG.jpg\",\"contentUrl\":\"https:\\\/\\\/pointdevue.pro\\\/wp-content\\\/uploads\\\/2022\\\/01\\\/EPN.JPG.jpg\",\"width\":1280,\"height\":853,\"caption\":\"Point de vue\"},\"image\":{\"@id\":\"https:\\\/\\\/pointdevue.pro\\\/#\\\/schema\\\/logo\\\/image\\\/\"},\"sameAs\":[\"https:\\\/\\\/www.linkedin.com\\\/in\\\/eric-payan-9365041\\\/\"]}]}<\/script>\n<!-- \/ Yoast SEO plugin. -->","yoast_head_json":{"title":"A propos - Point de vue","description":"impactant - inspirant - boost - leadership - motivant - unique - exp\u00e9riment\u00e9 - professionnel - conf\u00e9rence - animation atelier - formation","robots":{"index":"index","follow":"follow","max-snippet":"max-snippet:-1","max-image-preview":"max-image-preview:large","max-video-preview":"max-video-preview:-1"},"canonical":"https:\/\/pointdevue.pro\/index.php\/a-propos\/","og_locale":"fr_FR","og_type":"article","og_title":"A propos - Point de vue","og_description":"impactant - inspirant - boost - leadership - motivant - unique - exp\u00e9riment\u00e9 - professionnel - conf\u00e9rence - animation atelier - formation","og_url":"https:\/\/pointdevue.pro\/index.php\/a-propos\/","og_site_name":"Point de vue","article_modified_time":"2025-01-11T09:02:20+00:00","og_image":[{"url":"http:\/\/pointdevue.pro\/wp-content\/uploads\/2021\/12\/1584515976578.jpeg","type":"","width":"","height":""}],"twitter_card":"summary_large_image","twitter_misc":{"Dur\u00e9e de lecture estim\u00e9e":"2 minutes"},"schema":{"@context":"https:\/\/schema.org","@graph":[{"@type":"WebPage","@id":"https:\/\/pointdevue.pro\/index.php\/a-propos\/","url":"https:\/\/pointdevue.pro\/index.php\/a-propos\/","name":"A propos - Point de vue","isPartOf":{"@id":"https:\/\/pointdevue.pro\/#website"},"primaryImageOfPage":{"@id":"https:\/\/pointdevue.pro\/index.php\/a-propos\/#primaryimage"},"image":{"@id":"https:\/\/pointdevue.pro\/index.php\/a-propos\/#primaryimage"},"thumbnailUrl":"http:\/\/pointdevue.pro\/wp-content\/uploads\/2021\/12\/1584515976578.jpeg","datePublished":"2022-01-08T12:26:15+00:00","dateModified":"2025-01-11T09:02:20+00:00","description":"impactant - inspirant - boost - leadership - motivant - unique - exp\u00e9riment\u00e9 - professionnel - conf\u00e9rence - animation atelier - formation","breadcrumb":{"@id":"https:\/\/pointdevue.pro\/index.php\/a-propos\/#breadcrumb"},"inLanguage":"fr-FR","potentialAction":[{"@type":"ReadAction","target":["https:\/\/pointdevue.pro\/index.php\/a-propos\/"]}]},{"@type":"ImageObject","inLanguage":"fr-FR","@id":"https:\/\/pointdevue.pro\/index.php\/a-propos\/#primaryimage","url":"http:\/\/pointdevue.pro\/wp-content\/uploads\/2021\/12\/1584515976578.jpeg","contentUrl":"http:\/\/pointdevue.pro\/wp-content\/uploads\/2021\/12\/1584515976578.jpeg"},{"@type":"BreadcrumbList","@id":"https:\/\/pointdevue.pro\/index.php\/a-propos\/#breadcrumb","itemListElement":[{"@type":"ListItem","position":1,"name":"Accueil","item":"https:\/\/pointdevue.pro\/"},{"@type":"ListItem","position":2,"name":"A propos"}]},{"@type":"WebSite","@id":"https:\/\/pointdevue.pro\/#website","url":"https:\/\/pointdevue.pro\/","name":"Point de vue","description":"Une nouvelle vision pour l&#039;inclusion","publisher":{"@id":"https:\/\/pointdevue.pro\/#organization"},"potentialAction":[{"@type":"SearchAction","target":{"@type":"EntryPoint","urlTemplate":"https:\/\/pointdevue.pro\/?s={search_term_string}"},"query-input":{"@type":"PropertyValueSpecification","valueRequired":true,"valueName":"search_term_string"}}],"inLanguage":"fr-FR"},{"@type":"Organization","@id":"https:\/\/pointdevue.pro\/#organization","name":"Point de vue","alternateName":"Eric Payan","url":"https:\/\/pointdevue.pro\/","logo":{"@type":"ImageObject","inLanguage":"fr-FR","@id":"https:\/\/pointdevue.pro\/#\/schema\/logo\/image\/","url":"https:\/\/pointdevue.pro\/wp-content\/uploads\/2022\/01\/EPN.JPG.jpg","contentUrl":"https:\/\/pointdevue.pro\/wp-content\/uploads\/2022\/01\/EPN.JPG.jpg","width":1280,"height":853,"caption":"Point de vue"},"image":{"@id":"https:\/\/pointdevue.pro\/#\/schema\/logo\/image\/"},"sameAs":["https:\/\/www.linkedin.com\/in\/eric-payan-9365041\/"]}]}},"jetpack_sharing_enabled":true,"_links":{"self":[{"href":"https:\/\/pointdevue.pro\/index.php\/wp-json\/wp\/v2\/pages\/116","targetHints":{"allow":["GET"]}}],"collection":[{"href":"https:\/\/pointdevue.pro\/index.php\/wp-json\/wp\/v2\/pages"}],"about":[{"href":"https:\/\/pointdevue.pro\/index.php\/wp-json\/wp\/v2\/types\/page"}],"author":[{"embeddable":true,"href":"https:\/\/pointdevue.pro\/index.php\/wp-json\/wp\/v2\/users\/2"}],"replies":[{"embeddable":true,"href":"https:\/\/pointdevue.pro\/index.php\/wp-json\/wp\/v2\/comments?post=116"}],"version-history":[{"count":8,"href":"https:\/\/pointdevue.pro\/index.php\/wp-json\/wp\/v2\/pages\/116\/revisions"}],"predecessor-version":[{"id":248,"href":"https:\/\/pointdevue.pro\/index.php\/wp-json\/wp\/v2\/pages\/116\/revisions\/248"}],"wp:attachment":[{"href":"https:\/\/pointdevue.pro\/index.php\/wp-json\/wp\/v2\/media?parent=116"}],"curies":[{"name":"wp","href":"https:\/\/api.w.org\/{rel}","templated":true}]}}